{"id":213,"date":"2007-07-21T22:43:35","date_gmt":"2007-07-21T21:43:35","guid":{"rendered":"http:\/\/www.dalstroka-innafor.net\/datating\/"},"modified":"2007-07-21T22:43:35","modified_gmt":"2007-07-21T21:43:35","slug":"datating","status":"publish","type":"page","link":"https:\/\/dalstroka-innafor.net\/?page_id=213","title":{"rendered":"AA 2007"},"content":{"rendered":"<p>Mi eksamensoppg\u00e5ve fr\u00e5 AA-studiet 2007 kan lastast ned og lesast herfr\u00e5.<\/p>\n<blockquote><p><em><a href=\"https:\/\/www.dropbox.com\/s\/jrtqp37yywu2pg6\/Sinnes_Torger%20Aage_AA101_eksamensoppgave_528_fil1av1.pdf\" target=\"_blank\">A study of measures put in place to integrate ICT into education in Norway and Queensland<\/a><\/em><\/p><\/blockquote>\n","protected":false},"excerpt":{"rendered":"<p>Mi eksamensoppg\u00e5ve fr\u00e5 AA-studiet 2007 kan lastast ned og lesast herfr\u00e5. A study of measures put in place to integrate ICT into education in Norway and Queensland<\/p>\n","protected":false},"author":1,"featured_media":0,"parent":0,"menu_order":0,"comment_status":"closed","ping_status":"closed","template":"","meta":{"footnotes":"","_share_on_mastodon":"0"},"class_list":["post-213","page","type-page","status-publish","hentry"],"share_on_mastodon":{"url":"","error":""},"_links":{"self":[{"href":"https:\/\/dalstroka-innafor.net\/index.php?rest_route=\/wp\/v2\/pages\/213","targetHints":{"allow":["GET"]}}],"collection":[{"href":"https:\/\/dalstroka-innafor.net\/index.php?rest_route=\/wp\/v2\/pages"}],"about":[{"href":"https:\/\/dalstroka-innafor.net\/index.php?rest_route=\/wp\/v2\/types\/page"}],"author":[{"embeddable":true,"href":"https:\/\/dalstroka-innafor.net\/index.php?rest_route=\/wp\/v2\/users\/1"}],"replies":[{"embeddable":true,"href":"https:\/\/dalstroka-innafor.net\/index.php?rest_route=%2Fwp%2Fv2%2Fcomments&post=213"}],"version-history":[{"count":0,"href":"https:\/\/dalstroka-innafor.net\/index.php?rest_route=\/wp\/v2\/pages\/213\/revisions"}],"wp:attachment":[{"href":"https:\/\/dalstroka-innafor.net\/index.php?rest_route=%2Fwp%2Fv2%2Fmedia&parent=213"}],"curies":[{"name":"wp","href":"https:\/\/api.w.org\/{rel}","templated":true}]}}