{"id":2,"date":"2006-12-16T22:23:15","date_gmt":"2006-12-16T21:23:15","guid":{"rendered":"http:\/\/dalstroka-innafor.net.s13.subsys.net\/?page_id=2"},"modified":"2006-12-16T22:23:15","modified_gmt":"2006-12-16T21:23:15","slug":"about","status":"publish","type":"page","link":"https:\/\/dalstroka-innafor.net\/?page_id=2","title":{"rendered":"Om meg"},"content":{"rendered":"<p>Hei. Mitt namn er Torger \u00c5ge Sinnes, og her er nokre f\u00e5 ord om meg.<\/p>\n<p>Eg vart innskriven ved <strong>Sinnes Skule<\/strong> som sju\u00e5ring i den tida d\u00e5 skulane berre hadde 9 \u00e5rstrinn, og det end\u00e5 fanst O-fag. Her vart eg g\u00e5ande i saman med fire andre \u00f8vred\u00f8lar heilt  til gutegjengen fekk to innslag av det motsette kj\u00f8nn, s\u00e5nn akkurat n\u00e5r <em>det<\/em> er i ferd med \u00e5 bli interessant, nemlig rundt 7. klasse.<\/p>\n<p>Men etter \u00e5 ha avslutta dei ni hendelsesrike \u00e5ra p\u00e5 skulen rett utanfor stoved\u00f8ra mi, bar det avgarde til Tonstad og allmenfagleg studieretning p\u00e5 <strong>Sirdal Vidareg\u00e5ande Skule<\/strong>. Det var ogs\u00e5 her eg byrja mi internatkarriere, som skulle resultere i 8 \u00e5r p\u00e5 slike institusjonar. Her gjorde eg ogs\u00e5 dei fyrste erfaringar med kj\u00e6resteri. Men tre \u00e5r gjekk fort, og i 2000 kunne eg alts\u00e5 stolt kalla meg for <em>milleniumsruss<\/em>&#8230;eller Russ2k om du vil. L\u00f8ypa vidare skulle vise seg \u00e5 leie meg langt avgarde, heilt opp til der Heilage Olav trakka sine barneskor, og Volvo 240 g\u00e5r for \u00e5 vera ein <em>klassebil<\/em> av rang. N\u00e6rare bestemt til <strong><a title=\"Bakketun Folkeh\u00f8gskule\" href=\"http:\/\/bakketun.fhs.no\/\" target=\"_blank\">Bakketun Folkeh\u00f8gskule<\/a> <\/strong>i Verdal&#8217;n.<\/p>\n<p>Her hadde eg naturleg nok s\u00f8kt meg inn p\u00e5 datalinje. Men folkeh\u00f8gskular er ikkje som andre skular, s\u00e5 difor gjorde eg ogs\u00e5 her mi lynkarriere innanfor drama med \u00e5 delta p\u00e5 heile tre oppsettingar, der glansnummeret viste seg \u00e5 vere som Josef. Ein kjem ikkje fr\u00e5 indre agder og tjukkaste bibelbeltet for ingenting tydeligvis! Men s\u00e5, etter eit glittrande \u00e5r midt i blandt lottomillion\u00e6rar og bl\u00e5r\u00f8yk, bar det heim att til gode, gamle Sirdal. Her vart det til at eg fekk meg arbeid i gr\u00fcnderfimaet SirCon A\/S. Min fyrste skikkelige, heiltidsjobb var det og n\u00e5r eg tenkjer meg om. \u00c5ret etter, og me er n\u00e5 komne til 2002, teikna det til at eg skulle gjere mi plikt i gr\u00f8nt, men etter 8 kjappe dagar, var eg igjen p\u00e5 veg heim. Her skulle det vise seg, at eg vart utfordra til \u00e5 dra verda rundt i tre m\u00e5nader. Difor vart det igjen arbeid p\u00e5 heimstaden, denne gong med hyttebygging, f\u00f8r reisa tok til den 7. mars 2003.<\/p>\n<p>D\u00e5 globetrottinga var slutt (for denne gongen), og hausten igjen meldte sin ankomst, vart det igjen til at eg s\u00f8kte lukka i Tr\u00f8ndelag, men her gjorde eg nok ein gong vendereis sidan allmennl\u00e6rarstudiet ved H\u00f8gskulen i S\u00f8r-Tr\u00f8ndelag faktisk ikkje hadde plass til meg. Igjen vart det arbeid heime, men no s\u00f8kte eg lukka i turismen\u00e6ringa i det lokale skitrekket. Her heldt eg til heile vinteren, og d\u00e5 v\u00e5ren atter ei gong gjorde sitt inntog, stod eg og monterte st\u00e5lbruer og trapper i \u00d8vre Sirdals store stoltheit, Handeland Renseanlegg. Men eg var klar for \u00e5 kome i gang med studia.<\/p>\n<p>Difor vart det fire flotte \u00e5r i Volda, Ivar Aasens heimtrakter p\u00e5 meg. Og omsider, etter 27 \u00e5r var eg endeleg ferdig utdanna allmenl\u00e6rer fr\u00e5 <strong>H\u00f8gskulen i Volda <\/strong>og kunne ta fatt p\u00e5 mi yrkesutdanna karriere som <strong>adjunkt<\/strong> i det Norske skuleverket.<\/p>\n<p>Trass i dette, er alt innhaldet du finn p\u00e5 desse sidene berre mi private oppfatning av verda omkring meg, og ikkje p\u00e5 nokon m\u00e5te kopla direkte opp i mot mitt daglege virke og kall som pedagog i den norske skulen.<\/p>\n","protected":false},"excerpt":{"rendered":"<p>Hei. Mitt namn er Torger \u00c5ge Sinnes, og her er nokre f\u00e5 ord om meg. Eg vart innskriven ved Sinnes Skule som sju\u00e5ring i den tida d\u00e5 skulane berre hadde 9 \u00e5rstrinn, og det end\u00e5 fanst O-fag. Her vart eg g\u00e5ande i saman med fire andre \u00f8vred\u00f8lar heilt til gutegjengen fekk to innslag av det [&hellip;]<\/p>\n","protected":false},"author":1,"featured_media":0,"parent":0,"menu_order":0,"comment_status":"closed","ping_status":"open","template":"","meta":{"footnotes":"","_share_on_mastodon":"0"},"class_list":["post-2","page","type-page","status-publish","hentry"],"share_on_mastodon":{"url":"","error":""},"_links":{"self":[{"href":"https:\/\/dalstroka-innafor.net\/index.php?rest_route=\/wp\/v2\/pages\/2","targetHints":{"allow":["GET"]}}],"collection":[{"href":"https:\/\/dalstroka-innafor.net\/index.php?rest_route=\/wp\/v2\/pages"}],"about":[{"href":"https:\/\/dalstroka-innafor.net\/index.php?rest_route=\/wp\/v2\/types\/page"}],"author":[{"embeddable":true,"href":"https:\/\/dalstroka-innafor.net\/index.php?rest_route=\/wp\/v2\/users\/1"}],"replies":[{"embeddable":true,"href":"https:\/\/dalstroka-innafor.net\/index.php?rest_route=%2Fwp%2Fv2%2Fcomments&post=2"}],"version-history":[{"count":0,"href":"https:\/\/dalstroka-innafor.net\/index.php?rest_route=\/wp\/v2\/pages\/2\/revisions"}],"wp:attachment":[{"href":"https:\/\/dalstroka-innafor.net\/index.php?rest_route=%2Fwp%2Fv2%2Fmedia&parent=2"}],"curies":[{"name":"wp","href":"https:\/\/api.w.org\/{rel}","templated":true}]}}