{"id":16,"date":"2006-12-17T17:10:30","date_gmt":"2006-12-17T16:10:30","guid":{"rendered":"http:\/\/www.dalstroka-innafor.net\/bilete\/"},"modified":"2025-01-28T22:05:14","modified_gmt":"2025-01-28T21:05:14","slug":"bilete","status":"publish","type":"page","link":"https:\/\/dalstroka-innafor.net\/?page_id=16","title":{"rendered":"Bilete"},"content":{"rendered":"\n<p>&nbsp;<\/p>\n\n\n\n<figure class=\"wp-block-table\"><table class=\"has-fixed-layout\"><tbody><tr><td><a title=\"Gravvatn\" href=\"http:\/\/www.dalstroka-innafor.net\/galleri\/gravvatn\/index.php\" target=\"_blank\" rel=\"noopener\" data-gall=\"\u201dgall-frame\u201d\" data-lightbox-type=\"\u201dinline\u201d\">Gravvatn<\/a><br>\n<a title=\"Slutt i Volda\" href=\"http:\/\/www.dalstroka-innafor.net\/galleri\/slutt_i_volda\/index.php\" target=\"_blank\" rel=\"\u201dlightbox\u201d noopener\" data-gall=\"gall-frame\" data-lightbox-type=\"\u201dinline\u201d\">Slutt i Volda<\/a><br>\n<a title=\"Geiranger, avsluttningstur\" href=\"http:\/\/www.dalstroka-innafor.net\/galleri\/geiranger\/index.php\" target=\"_blank\" rel=\"\u201dlightbox\u201d noopener\" data-gall=\"\u201dgall-frame\u201d\" data-lightbox-type=\"\u201dinline\u201d\">Geiranger, avsluttningstur<\/a><a title=\"Kajakktur med Natura\" href=\"http:\/\/www.dalstroka-innafor.net\/galleri\/natura_2008\/\" target=\"_blank\" rel=\"noopener\"><br>\nKajakktur med Natura 2008<\/a><br>\n<a href=\"http:\/\/www.dalstroka-innafor.net\/galleri\/gbr\/index.php\" target=\"_blank\" rel=\"\u201dlightbox\u201d noopener\" data-gall=\"\u201dgall-frame\u201d\" data-lightbox-type=\"\u201dinline\u201d\">Snorkling p\u00e5 Great Barrier Reef<\/a><br>\n<a href=\"http:\/\/www.dalstroka-innafor.net\/galleri\/penang\/index.php\" target=\"_blank\" rel=\"\u201dlightbox\u201d noopener\" data-gall=\"\u201dgall-frame\u201d\" data-lightbox-type=\"\u201dinline\u201d\">Penang<\/a><br>\n<a href=\"http:\/\/www.dalstroka-innafor.net\/galleri\/ray\/index.php\" target=\"_blank\" rel=\"\u201dlightbox\u201d noopener\" data-gall=\"\u201dgall-frame\u201d\" data-lightbox-type=\"\u201dinline\u201d\">Trening med Raymond<\/a><br>\n<a href=\"http:\/\/www.dalstroka-innafor.net\/galleri\/hundeliv\/index.php\" target=\"_blank\" rel=\"\u201dlightbox\u201d noopener\" data-gall=\"\u201dgall-frame\u201d\" data-lightbox-type=\"\u201dinline\u201d\">Eit hundeliv<\/a><br>\n<a href=\"http:\/\/www.dalstroka-innafor.net\/galleri\/fjelljeger\/index.php\" target=\"_blank\" rel=\"\u201dlightbox\u201d noopener\" data-gall=\"\u201dgall-frame\u201d\" data-lightbox-type=\"\u201dinline\u201d\">F\u00f8rste Fjelljegertur&#8230;<\/a><br>\n<a href=\"http:\/\/www.dalstroka-innafor.net\/galleri\/tur_med_prince\/index.php\" target=\"_blank\" rel=\"\u201dlightbox\u201d noopener\" data-gall=\"\u201dgall-frame\u201d\" data-lightbox-type=\"\u201dinline\u201d\">P\u00e5 tur med Prince<\/a><br>\n<a href=\"http:\/\/www.dalstroka-innafor.net\/galleri\/heim_att\/index.php\" target=\"_blank\" rel=\"noopener\">Biltur heim att p\u00e5 ferie<\/a><br>\n<a href=\"http:\/\/www.dalstroka-innafor.net\/galleri\/natura\/index.php\" target=\"_blank\" rel=\"\u201dlightbox\u201d noopener\" data-gall=\"\u201dgall-frame\u201d\" data-lightbox-type=\"\u201dinline\u201d\">Kajakktur med Natura 2007<\/a> (<a href=\"http:\/\/pida.blogspot.com\">Pida sine bilder<\/a>)<br>\n<a href=\"http:\/\/www.dalstroka-innafor.net\/galleri\/stadt\/index.php\" target=\"_blank\" rel=\"\u201dlightbox\u201d noopener\" data-gall=\"\u201dgall-frame\u201d\" data-lightbox-type=\"\u201dinline\u201d\">Tur til Stadt (bilete stort sett tekne av <\/a><a href=\"http:\/\/www.surmelk.com\">Raymond Leine<\/a><br>\n<a href=\"http:\/\/www.dalstroka-innafor.net\/galleri\/bakketun\/index.php\" target=\"_blank\" rel=\"noopener\">Bakketuntreff (5 \u00e5r)<\/a><br>\n<a href=\"http:\/\/www.dalstroka-innafor.net\/galleri\/oppdal\/index.php\" target=\"_blank\" rel=\"\u201dlightbox\u201d noopener\" data-gall=\"\u201dgall-frame\u201d\" data-lightbox-type=\"\u201dinline\u201d\">Oppdaltur med Natura<\/a><br>\n<a href=\"http:\/\/www.dalstroka-innafor.net\/galleri\/spania\/index.php\" target=\"_blank\" rel=\"\u201dlightbox\u201d noopener\" data-gall=\"\u201dgall-frame\u201d\" data-lightbox-type=\"\u201dinline\u201d\">Spania<\/a><a href=\"http:\/\/www.dalstroka-innafor.net\/galleri\/aalsheia\/index.php\" target=\"_blank\" rel=\"noopener\"><br>\n<\/a><\/td><td><a href=\"http:\/\/www.dalstroka-innafor.net\/galleri\/marokko\/index.php\" target=\"_blank\" rel=\"\u201dlightbox\u201d noopener\" data-gall=\"\u201dgall-frame\u201d\" data-lightbox-type=\"\u201dinline\u201d\">Marokko<\/a><br>\n<a href=\"http:\/\/www.dalstroka-innafor.net\/galleri\/basisgruppe\/index.php\" target=\"_blank\" rel=\"noopener\">Basisgruppe<\/a><a href=\"http:\/\/www.dalstroka-innafor.net\/galleri\/aalsheia\/index.php\" target=\"_blank\" rel=\"\u201dlightbox\u201d noopener\" data-gall=\"\u201dgall-frame\u201d\" data-lightbox-type=\"\u201dinline\u201d\"><br>\n<\/a><a href=\"http:\/\/www.dalstroka-innafor.net\/galleri\/aalsheia\/index.php\" target=\"_blank\" rel=\"noopener\">\u00c5lsheia<\/a><br>\n<a href=\"http:\/\/www.dalstroka-innafor.net\/galleri\/impulstur\/index.php\" target=\"_blank\" rel=\"noopener\">Impulstur<\/a> <a href=\"http:\/\/www.dalstroka-innafor.net\/galleri\/lysefjorden\/index.php\" target=\"_blank\" rel=\"noopener\"><br>\nPadling av Lysefjorden<\/a><br>\n<a href=\"http:\/\/www.dalstroka-innafor.net\/galleri\/stolen\/index.php\" target=\"_blank\" rel=\"noopener\">Tur til st\u00f8len<\/a><br>\n<a href=\"http:\/\/www.dalstroka-innafor.net\/galleri\/kvardagsliv\/index.php\" target=\"_blank\" rel=\"noopener\">Kvardagsliv<\/a><br>\n<a href=\"http:\/\/www.dalstroka-innafor.net\/galleri\/nivane\/index.php\" target=\"_blank\" rel=\"noopener\">Nivane<\/a><br>\n<a href=\"http:\/\/www.dalstroka-innafor.net\/galleri\/ovre%20Sirdal\/index.php\" target=\"_blank\" rel=\"noopener\">\u00d8vre Sirdal<\/a><br>\n<a href=\"http:\/\/www.dalstroka-innafor.net\/galleri\/praksis\/index.php\" target=\"_blank\" rel=\"noopener\">Praksis<\/a><br>\n<a href=\"http:\/\/www.dalstroka-innafor.net\/galleri\/rotsethornet\/index.php\" target=\"_blank\" rel=\"noopener\">Rotsethornet<\/a><br>\n<a href=\"http:\/\/www.dalstroka-innafor.net\/galleri\/runde\/index.php\" target=\"_blank\" rel=\"noopener\">Runde<\/a><br>\n<a href=\"http:\/\/www.dalstroka-innafor.net\/galleri\/strandatur-med-KRIK\/index.php\" target=\"_blank\" rel=\"noopener\">Strandatur<\/a><br>\n<a href=\"http:\/\/www.dalstroka-innafor.net\/galleri\/sunndalssnipa\/index.php\" target=\"_blank\" rel=\"noopener\">Sunndalsssnipa<\/a><br>\n<a href=\"http:\/\/www.dalstroka-innafor.net\/galleri\/tjorhom\/index.php\" target=\"_blank\" rel=\"noopener\">Tj\u00f8rhom<\/a><br>\n<a href=\"http:\/\/www.dalstroka-innafor.net\/galleri\/verden_Rundt_2003\/index.php\" target=\"_blank\" rel=\"noopener\">Verden Rundt 2003<\/a><\/td><\/tr><\/tbody><\/table><\/figure>\n\n\n\n<p><\/p>\n","protected":false},"excerpt":{"rendered":"<p>&nbsp; Gravvatn Slutt i Volda Geiranger, avsluttningstur Kajakktur med Natura 2008 Snorkling p\u00e5 Great Barrier Reef Penang Trening med Raymond Eit hundeliv F\u00f8rste Fjelljegertur&#8230; P\u00e5 tur med Prince Biltur heim att p\u00e5 ferie Kajakktur med Natura 2007 (Pida sine bilder) Tur til Stadt (bilete stort sett tekne av Raymond Leine Bakketuntreff (5 \u00e5r) Oppdaltur med [&hellip;]<\/p>\n","protected":false},"author":1,"featured_media":0,"parent":0,"menu_order":0,"comment_status":"closed","ping_status":"closed","template":"","meta":{"footnotes":"","_share_on_mastodon":"0"},"class_list":["post-16","page","type-page","status-publish","hentry"],"share_on_mastodon":{"url":"","error":""},"_links":{"self":[{"href":"https:\/\/dalstroka-innafor.net\/index.php?rest_route=\/wp\/v2\/pages\/16","targetHints":{"allow":["GET"]}}],"collection":[{"href":"https:\/\/dalstroka-innafor.net\/index.php?rest_route=\/wp\/v2\/pages"}],"about":[{"href":"https:\/\/dalstroka-innafor.net\/index.php?rest_route=\/wp\/v2\/types\/page"}],"author":[{"embeddable":true,"href":"https:\/\/dalstroka-innafor.net\/index.php?rest_route=\/wp\/v2\/users\/1"}],"replies":[{"embeddable":true,"href":"https:\/\/dalstroka-innafor.net\/index.php?rest_route=%2Fwp%2Fv2%2Fcomments&post=16"}],"version-history":[{"count":5,"href":"https:\/\/dalstroka-innafor.net\/index.php?rest_route=\/wp\/v2\/pages\/16\/revisions"}],"predecessor-version":[{"id":2993,"href":"https:\/\/dalstroka-innafor.net\/index.php?rest_route=\/wp\/v2\/pages\/16\/revisions\/2993"}],"wp:attachment":[{"href":"https:\/\/dalstroka-innafor.net\/index.php?rest_route=%2Fwp%2Fv2%2Fmedia&parent=16"}],"curies":[{"name":"wp","href":"https:\/\/api.w.org\/{rel}","templated":true}]}}